{"id":2,"date":"2025-12-15T17:15:40","date_gmt":"2025-12-15T10:15:40","guid":{"rendered":"https:\/\/www.demo.vietnamweb.asia\/?page_id=2"},"modified":"2025-12-15T17:15:58","modified_gmt":"2025-12-15T10:15:58","slug":"trang-chu","status":"publish","type":"page","link":"https:\/\/kuwin39.bet\/","title":{"rendered":"Kuwin39 com &#8211; Trang Ch\u1ee7 Kuwin | T\u1ea3i App T\u1eb7ng 50k Mi\u1ec5n Ph\u00ed Tr\u1ea3i Nghi\u1ec7m"},"content":{"rendered":"<h2><span style=\"font-size: 110%; color: #f99b1c;\"><strong>TRANG CH\u1ee6 \u0110\u0102NG NH\u1eacP NH\u00c0 C\u00c1I KUWIN<\/strong><\/span><\/h2>\n<p>Link trang t\u1ed5ng v\u00e0o Kuwin39 com ch\u00ednh th\u1ee9c c\u1eadp nh\u1eadt ng\u00e0y h\u00f4m nay m\u1edbi nh\u1ea5t:<\/p>\n<div class=\"row row-small\"  id=\"row-1052927181\">\n\n\t<div id=\"col-835221839\" class=\"col medium-4 small-12 large-4\"  >\n\t\t\t\t<div class=\"col-inner\"  >\n\t\t\t\n\t\t\t\n\t<div class=\"img has-hover x md-x lg-x y md-y lg-y\" id=\"image_1864475631\">\n\t\t<a class=\"\" href=\"https:\/\/te8qc2.pro\/24z7\" >\t\t\t\t\t\t<div class=\"img-inner dark\" >\n\t\t\t<img loading=\"lazy\" decoding=\"async\" width=\"400\" height=\"188\" src=\"https:\/\/kuwin39.bet\/wp-content\/uploads\/2025\/03\/dang-ky.webp\" class=\"attachment-original size-original\" alt=\"\u0110\u0103ng k\u00fd nh\u00e0 c\u00e1i\" srcset=\"https:\/\/kuwin39.bet\/wp-content\/uploads\/2025\/03\/dang-ky.webp 400w, https:\/\/kuwin39.bet\/wp-content\/uploads\/2025\/03\/dang-ky-300x141.webp 300w\" sizes=\"auto, (max-width: 400px) 100vw, 400px\" \/>\t\t\t\t\t\t\n\t\t\t\t\t<\/div>\n\t\t\t\t\t\t<\/a>\t\t\n<style>\n#image_1864475631 {\n  width: 100%;\n}\n<\/style>\n\t<\/div>\n\t\n\t\t<\/div>\n\t\t\t\t\t<\/div>\n\n\t\n\n\t<div id=\"col-1313287383\" class=\"col medium-4 small-12 large-4\"  >\n\t\t\t\t<div class=\"col-inner\"  >\n\t\t\t\n\t\t\t\n\t<div class=\"img has-hover x md-x lg-x y md-y lg-y\" id=\"image_1643679010\">\n\t\t<a class=\"\" href=\"https:\/\/te8qc2.pro\/24z7\" >\t\t\t\t\t\t<div class=\"img-inner dark\" >\n\t\t\t<img loading=\"lazy\" decoding=\"async\" width=\"400\" height=\"188\" src=\"https:\/\/kuwin39.bet\/wp-content\/uploads\/2025\/03\/dang-nhap.webp\" class=\"attachment-original size-original\" alt=\"\u0110\u0103ng nh\u1eadp t\u1ea3i app\" srcset=\"https:\/\/kuwin39.bet\/wp-content\/uploads\/2025\/03\/dang-nhap.webp 400w, https:\/\/kuwin39.bet\/wp-content\/uploads\/2025\/03\/dang-nhap-300x141.webp 300w\" sizes=\"auto, (max-width: 400px) 100vw, 400px\" \/>\t\t\t\t\t\t\n\t\t\t\t\t<\/div>\n\t\t\t\t\t\t<\/a>\t\t\n<style>\n#image_1643679010 {\n  width: 100%;\n}\n<\/style>\n\t<\/div>\n\t\n\t\t<\/div>\n\t\t\t\t\t<\/div>\n\n\t\n\n\t<div id=\"col-477046408\" class=\"col medium-4 small-12 large-4\"  >\n\t\t\t\t<div class=\"col-inner\"  >\n\t\t\t\n\t\t\t\n\t<div class=\"img has-hover x md-x lg-x y md-y lg-y\" id=\"image_1883159696\">\n\t\t<a class=\"\" href=\"https:\/\/te8qc2.pro\/24z7\" >\t\t\t\t\t\t<div class=\"img-inner dark\" >\n\t\t\t<img loading=\"lazy\" decoding=\"async\" width=\"400\" height=\"188\" src=\"https:\/\/kuwin39.bet\/wp-content\/uploads\/2025\/03\/khuyen-mai.webp\" class=\"attachment-original size-original\" alt=\"Khuy\u1ebfn m\u00e3i th\u00e0nh vi\u00ean\" srcset=\"https:\/\/kuwin39.bet\/wp-content\/uploads\/2025\/03\/khuyen-mai.webp 400w, https:\/\/kuwin39.bet\/wp-content\/uploads\/2025\/03\/khuyen-mai-300x141.webp 300w\" sizes=\"auto, (max-width: 400px) 100vw, 400px\" \/>\t\t\t\t\t\t\n\t\t\t\t\t<\/div>\n\t\t\t\t\t\t<\/a>\t\t\n<style>\n#image_1883159696 {\n  width: 100%;\n}\n<\/style>\n\t<\/div>\n\t\n\t\t<\/div>\n\t\t\t\t\t<\/div>\n\n\t\n<\/div>\n\t<div id=\"gap-1224127447\" class=\"gap-element clearfix\" style=\"display:block; height:auto;\">\n\t\t\n<style>\n#gap-1224127447 {\n  padding-top: 16px;\n}\n<\/style>\n\t<\/div>\n\t\n\t<div id=\"gap-769340669\" class=\"gap-element clearfix\" style=\"display:block; height:auto;\">\n\t\t\n<style>\n#gap-769340669 {\n  padding-top: 15px;\n}\n<\/style>\n\t<\/div>\n\t\n<p><em><strong>Disclaimer (Tuy\u00ean b\u1ed1 mi\u1ec5n tr\u1eeb):<\/strong> <\/em>N\u1ed9i dung tr\u00ean trang Kuwin39.bet ch\u1ec9 nh\u1eb1m m\u1ee5c \u0111\u00edch chia s\u1ebb th\u00f4ng tin, ph\u00f9 h\u1ee3p v\u1edbi ng\u01b0\u1eddi \u0111\u1ecdc tr\u00ean 18 tu\u1ed5i v\u00e0 kh\u00f4ng thu\u1ed9c khu v\u1ef1c Vi\u1ec7t Nam. Kuwin39 net kh\u00f4ng t\u1ed5 ch\u1ee9c c\u00e1 c\u01b0\u1ee3c d\u01b0\u1edbi b\u1ea5t k\u1ef3 h\u00ecnh th\u1ee9c n\u00e0o v\u00e0 kh\u00f4ng ch\u1ecbu tr\u00e1ch nhi\u1ec7m \u0111\u1ed1i v\u1edbi c\u00e1c thi\u1ec7t h\u1ea1i ph\u00e1t sinh khi ng\u01b0\u1eddi d\u00f9ng tham gia d\u1ecbch v\u1ee5 c\u00e1 c\u01b0\u1ee3c c\u1ee7a b\u00ean th\u1ee9 ba.<\/p>\n<h2 class=\"tieu-de uppercase\"><span style=\"color: #3366ff;\"><strong>FAQ &#8211; th\u1eafc m\u1eafc ph\u1ed5 bi\u1ebfn khi ch\u01a1i tr\u00ean trang KUWIN<\/strong><\/span><\/h2>\n<div class=\"accordion\"><\/div>\n\t<div id=\"accordion-3329809718\" class=\"accordion-item\">\n\t\t<a id=\"accordion-3329809718-label\" class=\"accordion-title plain\" href=\"#accordion-item-trang-ch\u1ee7-truy-c\u1eadp-kuwin-39.com?\" aria-expanded=\"false\" aria-controls=\"accordion-3329809718-content\" >\n\t\t\t<button class=\"toggle\" aria-label=\"Chuy\u1ec3n \u0111\u1ed5i\"><i class=\"icon-angle-down\"><\/i><\/button>\n\t\t\t<span>Trang ch\u1ee7 truy c\u1eadp Kuwin 39.com?<\/span>\n\t\t<\/a>\n\t\t<div id=\"accordion-3329809718-content\" class=\"accordion-inner\" aria-labelledby=\"accordion-3329809718-label\" >\n\t\t\t\n<p><span style=\"color: #3366ff;\">C\u00e1c trang truy c\u1eadp Kuwin39 com:<\/span><\/p>\n<ul>\n<li><span style=\"color: #3366ff;\">Kuwin39.com<\/span><\/li>\n<li><span style=\"color: #3366ff;\">Kuwin 39.casino<\/span><\/li>\n<li><span style=\"color: #3366ff;\">Kuwin3 9.game<\/span><\/li>\n<li><span style=\"color: #3366ff;\">Kuwin39 . app<\/span><\/li>\n<li><span style=\"color: #3366ff;\">Kuwin 39.bet<\/span><\/li>\n<\/ul>\n<p>#trangchukuwin #dangnhapkuwin #dangkykuwin #taiappkuwin #appkuwin #kuwinbet #kuwincasino<\/p>\n<p>#trangchukuwin39 #dangnhapkuwin39 #dangkykuwin39 #taiappkuwin39 #appkuwin39 #kuwin39bet #kuwin39casino<\/p>\n\t\t<\/div>\n\t<\/div>\n\t\n\t<div id=\"accordion-1846287103\" class=\"accordion-item\">\n\t\t<a id=\"accordion-1846287103-label\" class=\"accordion-title plain\" href=\"#accordion-item-trang-kuwin39.casino-c\u00f3-nh\u1eefng-th\u1ec3-lo\u1ea1i-game-n\u00e0o?\" aria-expanded=\"false\" aria-controls=\"accordion-1846287103-content\" >\n\t\t\t<button class=\"toggle\" aria-label=\"Chuy\u1ec3n \u0111\u1ed5i\"><i class=\"icon-angle-down\"><\/i><\/button>\n\t\t\t<span>Trang Kuwin39.casino c\u00f3 nh\u1eefng th\u1ec3 lo\u1ea1i game n\u00e0o?<\/span>\n\t\t<\/a>\n\t\t<div id=\"accordion-1846287103-content\" class=\"accordion-inner\" aria-labelledby=\"accordion-1846287103-label\" >\n\t\t\t\n<p><span style=\"color: #3366ff;\">Trang Kuwin game t\u1ed5ng h\u1ee3p \u0111a d\u1ea1ng th\u1ec3 lo\u1ea1i casino, b\u1eafn c\u1ea3, n\u1ed5 h\u0169, x\u00f3c \u0111\u0129a, th\u1ec3 thao&#8230; v\u1edbi giao di\u1ec7n \u0111\u01a1n gi\u1ea3n thi\u1ebft k\u1ebf hi\u1ec7n \u0111\u1ea1i gi\u00fap ng\u01b0\u1eddi ch\u01a1i d\u1ec5 d\u00e0ng tr\u1ea3i nghi\u1ec7m. H\u01b0\u1edbng d\u1eabn c\u01b0\u1ee3c r\u00f5 r\u00e0ng chi ti\u1ebft tr\u00e1nh nh\u1ea7m l\u1eabn cho ng\u01b0\u1eddi ch\u01a1i.<\/span><\/p>\n\t\t<\/div>\n\t<\/div>\n\t\n\t<div id=\"accordion-2707644473\" class=\"accordion-item\">\n\t\t<a id=\"accordion-2707644473-label\" class=\"accordion-title plain\" href=\"#accordion-item-mu\u1ed1n-r\u00fat-ti\u1ec1n-kuwin-39-com-th\u1ef1c-hi\u1ec7n-nh\u01b0-th\u1ebf-n\u00e0o?\" aria-expanded=\"false\" aria-controls=\"accordion-2707644473-content\" >\n\t\t\t<button class=\"toggle\" aria-label=\"Chuy\u1ec3n \u0111\u1ed5i\"><i class=\"icon-angle-down\"><\/i><\/button>\n\t\t\t<span>Mu\u1ed1n r\u00fat ti\u1ec1n Kuwin 39 com th\u1ef1c hi\u1ec7n nh\u01b0 th\u1ebf n\u00e0o?<\/span>\n\t\t<\/a>\n\t\t<div id=\"accordion-2707644473-content\" class=\"accordion-inner\" aria-labelledby=\"accordion-2707644473-label\" >\n\t\t\t\n<p><span style=\"color: #3366ff;\">R\u00fat ti\u1ec1n tr\u00ean Kuwin39 net v\u00f4 c\u00f9ng \u0111\u01a1n gi\u1ea3n th\u1ef1c hi\u1ec7n sau khi b\u1ea1n \u0111\u00e3 ho\u00e0n th\u00e0nh \u0111\u1ee7 v\u00f2ng c\u01b0\u1ee3c (th\u01b0\u1eddng ch\u1ec9 1 v\u00f2ng l\u00e0 \u0111\u1ee7) l\u00ean l\u1ec7nh. Ch\u1ecdn h\u00ecnh th\u1ee9c r\u00fat ti\u1ec1n, nh\u1eadp s\u1ed1 ti\u1ec1n, nh\u1eadp m\u00e3 b\u1ea3o m\u1eadt giao d\u1ecbch l\u00e0 ho\u00e0n th\u00e0nh. H\u1ec7 th\u1ed1ng ch\u1ec9 r\u00fat ti\u1ec1n v\u1ec1 t\u00e0i kho\u1ea3n ch\u00ednh ch\u1ee7 duy nh\u1ea5t c\u1ee7a ng\u01b0\u1eddi ch\u01a1i \u0111\u1ea3m b\u1ea3o an to\u00e0n tuy\u1ec7t \u0111\u1ed1i.<\/span><\/p>\n\t\t<\/div>\n\t<\/div>\n\t\n\t<div id=\"accordion-3282316115\" class=\"accordion-item\">\n\t\t<a id=\"accordion-3282316115-label\" class=\"accordion-title plain\" href=\"#accordion-item-cskh-tr\u00ean-kuwin39.bet-c\u00f3-chuy\u00ean-nghi\u1ec7p-kh\u00f4ng?\" aria-expanded=\"false\" aria-controls=\"accordion-3282316115-content\" >\n\t\t\t<button class=\"toggle\" aria-label=\"Chuy\u1ec3n \u0111\u1ed5i\"><i class=\"icon-angle-down\"><\/i><\/button>\n\t\t\t<span>CSKH tr\u00ean Kuwin39.bet c\u00f3 chuy\u00ean nghi\u1ec7p kh\u00f4ng?<\/span>\n\t\t<\/a>\n\t\t<div id=\"accordion-3282316115-content\" class=\"accordion-inner\" aria-labelledby=\"accordion-3282316115-label\" >\n\t\t\t\n<p><span style=\"color: #3366ff;\">CSKH Kuwin \u0111\u01b0\u1ee3c \u0111\u00e0o t\u1ea1o b\u00e0i b\u1ea3n theo c\u00e1c ti\u00eau chu\u1ea9n qu\u1ed1c t\u1ebf v\u00e0 h\u00ecnh th\u1ee9c ch\u01a1i ch\u00ednh c\u1ee7a trang. Ph\u1ee5c v\u1ee5 nhi\u1ec7t t\u00ecnh chu \u0111\u00e1o cho t\u1ea5t c\u1ea3 c\u00e1c v\u1ea5n \u0111\u1ec1 ng\u01b0\u1eddi ch\u01a1i g\u1eb7p ph\u1ea3i. Nh\u1eb1m m\u1ee5c \u0111\u00edch mang \u0111\u1ebfn cho ng\u01b0\u1eddi ch\u01a1i tr\u1ea3i nghi\u1ec7m an to\u00e0n ti\u1ec7n l\u1ee3i nh\u1ea5t.<\/span><\/p>\n\t\t<\/div>\n\t<\/div>\n\t\n<p>&nbsp;<\/p>\n","protected":false},"excerpt":{"rendered":"<p>TRANG CH\u1ee6 \u0110\u0102NG NH\u1eacP NH\u00c0 C\u00c1I KUWIN Link trang t\u1ed5ng v\u00e0o Kuwin39 com ch\u00ednh th\u1ee9c c\u1eadp nh\u1eadt ng\u00e0y h\u00f4m nay m\u1edbi nh\u1ea5t: Disclaimer (Tuy\u00ean b\u1ed1 mi\u1ec5n tr\u1eeb): N\u1ed9i dung tr\u00ean trang Kuwin39.bet ch\u1ec9 nh\u1eb1m m\u1ee5c \u0111\u00edch chia s\u1ebb th\u00f4ng tin, ph\u00f9 h\u1ee3p v\u1edbi ng\u01b0\u1eddi \u0111\u1ecdc tr\u00ean 18 tu\u1ed5i v\u00e0 kh\u00f4ng thu\u1ed9c khu v\u1ef1c Vi\u1ec7t Nam&#8230;.<\/p>\n","protected":false},"author":1,"featured_media":0,"parent":0,"menu_order":0,"comment_status":"closed","ping_status":"open","template":"page-right-sidebar.php","meta":{"footnotes":""},"class_list":["post-2","page","type-page","status-publish","hentry"],"_links":{"self":[{"href":"https:\/\/kuwin39.bet\/index.php?rest_route=\/wp\/v2\/pages\/2","targetHints":{"allow":["GET"]}}],"collection":[{"href":"https:\/\/kuwin39.bet\/index.php?rest_route=\/wp\/v2\/pages"}],"about":[{"href":"https:\/\/kuwin39.bet\/index.php?rest_route=\/wp\/v2\/types\/page"}],"author":[{"embeddable":true,"href":"https:\/\/kuwin39.bet\/index.php?rest_route=\/wp\/v2\/users\/1"}],"replies":[{"embeddable":true,"href":"https:\/\/kuwin39.bet\/index.php?rest_route=%2Fwp%2Fv2%2Fcomments&post=2"}],"version-history":[{"count":54,"href":"https:\/\/kuwin39.bet\/index.php?rest_route=\/wp\/v2\/pages\/2\/revisions"}],"predecessor-version":[{"id":634,"href":"https:\/\/kuwin39.bet\/index.php?rest_route=\/wp\/v2\/pages\/2\/revisions\/634"}],"wp:attachment":[{"href":"https:\/\/kuwin39.bet\/index.php?rest_route=%2Fwp%2Fv2%2Fmedia&parent=2"}],"curies":[{"name":"wp","href":"https:\/\/api.w.org\/{rel}","templated":true}]}}